{"id":312,"date":"2025-05-20T14:14:06","date_gmt":"2025-05-20T12:14:06","guid":{"rendered":"https:\/\/www.wearemuga.com\/?page_id=312"},"modified":"2025-05-20T14:14:27","modified_gmt":"2025-05-20T12:14:27","slug":"politica-de-privacidad","status":"publish","type":"page","link":"https:\/\/www.wearemuga.com\/es\/politica-de-privacidad\/","title":{"rendered":"Pol\u00edtica de privacidad"},"content":{"rendered":"<p><?php get_header(); \n$site_url = site_url();\n$url = preg_replace(\"(^https?:\/\/www.)\", \"\", $site_url );\n\n$razonsocial = get_option('razonsocial');\n$nombrecomercial = get_option('nombrecomercial');\n$nif = get_option('nif');\n$email = get_option('email');\n$direccion = get_option('direccion');\n$actividadsocial = get_option('actividadsocial');\n$current_lang = 'es';\nif ( function_exists( 'icl_object_id' ) &#038;&#038; isset( $GLOBALS['sitepress'] ) ) {\n    $current_lang = $GLOBALS['sitepress']->get_current_language();<br \/>\n}<br \/>\n$descripcion = get_option( &#8216;descripcion_&#8217; . $current_lang );<br \/>\n$fechadehoy = get_option(&#8216;fechadehoy&#8217;);<br \/>\n$denda = get_option(&#8216;onlinedenda&#8217;);<br \/>\n$facebook = get_option(&#8216;facebook&#8217;);<br \/>\n$googleads = get_option(&#8216;googleads&#8217;);<br \/>\n$newsletter_mailchimp = get_option(&#8216;newsletter_mailchimp&#8217;);<br \/>\n$newsletter = get_option(&#8216;newsletter&#8217;);<br \/>\n$facebook_pxl = get_option(&#8216;facebook_pxl&#8217;);<br \/>\n$kontsultaformularioa = get_option(&#8216;kontsultaformularioa&#8217;);<br \/>\n$komentarioak = get_option(&#8216;komentarioak&#8217;);<br \/>\n$erregistroformularioa = get_option(&#8216;erregistroformularioa&#8217;);<br \/>\n$txatonline = get_option(&#8216;txatonline&#8217;);<br \/>\n$analisi_err = get_option(&#8216;analisi_err&#8217;);<br \/>\n$analisi = get_option(&#8216;analisi&#8217;);<br \/>\n$txat_err = get_option(&#8216;txat_err&#8217;);<br \/>\n$fakturazio = get_option(&#8216;fakturazio&#8217;);<br \/>\n$fakturazio_err = get_option(&#8216;fakturazio_err&#8217;);<br \/>\n?><\/p>\n<div class=\"legal-container-sarrera\">\n<div class=\"legal-50\">\n<h1 class=\"legal-h1\">Pol\u00edtica de privacidad<\/h1>\n<\/p><\/div>\n<div class=\"legal-50\">\n<p class=\"legal-p\">Fecha de \u00faltima actualizaci\u00f3n: <?php echo $fechadehoy; ?>.<\/p>\n<\/div>\n<\/div>\n<div class=\"legal-container\">\n<div class=\"legal-30\">\n<p class=\"legal-titulua\">Datos personales recopilados<\/p>\n<\/div>\n<div class=\"legal-50\">\n<p>\t\t<?php if ($newsletter == 'bai' || $kontsultaformularioa == 'bai' || $erregistroformularioa == 'bai') { ?><\/p>\n<ul class=\"legal-ul\">\n<li class=\"legal-li\">Datos Identificativos y de Contacto<\/li>\n<\/ul>\n<p class=\"legal-p\">Recopilamos su nombre y apellidos, as\u00ed como la direcci\u00f3n de correo electr\u00f3nico que proporciona voluntariamente a trav\u00e9s de nuestro formulario de contacto.<\/p>\n<p>        <?php } ?><\/p>\n<ul class=\"legal-ul\">\n<li class=\"legal-li\">Datos de Navegaci\u00f3n<\/li>\n<\/ul>\n<p class=\"legal-p\">Autom\u00e1ticamente recopilamos datos de navegaci\u00f3n, incluida la direcci\u00f3n IP, tipo e identificaci\u00f3n del dispositivo, tipo de navegador, dominio a trav\u00e9s del cual accede al Sitio Web, as\u00ed como datos de navegaci\u00f3n y actividad en el Sitio Web.<\/p>\n<p>\t\t<?php if ($denda == 'bai'){ ?><\/p>\n<ul class=\"legal-ul\">\n<li class=\"legal-li\">Datos contractuales<\/li>\n<\/ul>\n<p class=\"legal-p\">En caso de hacer una venta o contrato, recopilamos datos de operaciones contractuales, DNI, productos y servicios adquiridos, datos de env\u00edo, operaciones financieras y datos de pago.<\/p>\n<p>        <?php } ?><\/p><\/div>\n<\/div>\n<p><?php if ($newsletter == 'bai' || $kontsultaformularioa == 'bai' || $erregistroformularioa == 'bai' || $komentarioak == 'bai' || $denda == 'bai'){ ?><\/p>\n<div class=\"legal-container\">\n<div class=\"legal-30\">\n<p class=\"legal-titulua\">Finalidad del tratamiento<\/p>\n<\/div>\n<div class=\"legal-50\">\n\t\t<?php if ($kontsultaformularioa == 'bai'){ ?><\/p>\n<ul class=\"legal-ul\">\n<li class=\"legal-li\">Formulario de contacto<\/li>\n<\/ul>\n<p class=\"legal-p\">Utilizamos los datos identificativos y de contacto para responder a consultas, sugerencias o contactos profesionales realizados a trav\u00e9s del formulario de contacto. La direcci\u00f3n de correo electr\u00f3nico se utiliza para enviar la informaci\u00f3n solicitada por el usuario a trav\u00e9s de la web.<\/p>\n<p>        <?php } ?><br \/>\n\t\t<?php if ($newsletter == 'bai'){ ?><\/p>\n<ul class=\"legal-ul\">\n<li class=\"legal-li\">Formulario de suscripci\u00f3n a contenidos<\/li>\n<\/ul>\n<p class=\"legal-p\">Los datos facilitados ser\u00e1n utilizados para enviar la newsletter y mantener al usuario actualizado sobre novedades y ofertas puntuales. Se utilizar\u00e1n las v\u00edas que el usuario haya elegido a la hora de suscribirse.<\/p>\n<p>        <?php } ?><br \/>\n\t\t<?php if ($komentarioak == 'bai'){ ?><\/p>\n<ul class=\"legal-ul\">\n<li class=\"legal-li\">Formulario de comentarios<\/li>\n<\/ul>\n<p class=\"legal-p\">Los datos personales introducidos en el formulario para insertar estos comentarios ser\u00e1n utilizados para moderarlos y publicarlos.<\/p>\n<p>        <?php } ?><br \/>\n\t\t<?php if ($erregistroformularioa == 'bai'){ ?><\/p>\n<ul class=\"legal-ul\">\n<li class=\"legal-li\">Formulario de registro<\/li>\n<\/ul>\n<p class=\"legal-p\">En este caso, se solicitan datos para crear una cuenta de acceso personal en nuestro sistema al usuario y dar acceso a sus funcionalidades: nombre y apellidos y direcci\u00f3n de correo electr\u00f3nico.<\/p>\n<p>        <?php } ?><br \/>\n\t\t<?php if ($denda == 'bai'){ ?><\/p>\n<ul class=\"legal-ul\">\n<li class=\"legal-li\">Formulario de venta<\/li>\n<\/ul>\n<p class=\"legal-p\">Estos datos se solicitan y utilizan para gestionar la compra de los productos ofertados en la web, incluyendo la gesti\u00f3n del pedido, el pago y todas las operaciones relacionadas con la contrataci\u00f3n del servicio o producto elegido. Esto incluye enviar correos electr\u00f3nicos de seguimiento, respuestas, facturas, recibos, etc. M\u00e1s informaci\u00f3n en las Condiciones de Venta.<\/p>\n<p>        <?php } ?>\n\t<\/div>\n<\/div>\n<p><?php } ?><\/p>\n<div class=\"legal-container\">\n<div class=\"legal-30\">\n<p class=\"legal-titulua\">Base legal para el tratamiento<\/p>\n<\/div>\n<div class=\"legal-50\">\n<p class=\"legal-p\">El tratamiento de sus datos se basa en su consentimiento al proporcionar la informaci\u00f3n y en el inter\u00e9s leg\u00edtimo de <?php echo $nombrecomercial; ?> para gestionar las consultas y proporcionar la informaci\u00f3n solicitada.<\/p>\n<\/p><\/div>\n<\/div>\n<div class=\"legal-container\">\n<div class=\"legal-30\">\n<p class=\"legal-titulua\">Cookies y tecnolog\u00edas similares<\/p>\n<\/div>\n<div class=\"legal-50\">\n<p class=\"legal-p\">Utilizamos cookies y tecnolog\u00edas de seguimiento de Google Site Kit (Google Analytics y Google Search Console) para obtener datos de alcance de la p\u00e1gina web.<\/p>\n<p>\t\t<?php if ($facebook_pxl=='bai'){ ?><\/p>\n<p class=\"legal-p\">Tambi\u00e9n utilizamos el P\u00edxel de seguimiento de Meta Ads para segmentar el p\u00fablico a la hora de dirigir anuncios y para tener un seguimiento de las conversiones de los anuncios. Este p\u00edxel marca al visitante de esta p\u00e1gina web de forma anonimizada: permite mostrar anuncios relevantes sin revelar tu identidad a los anunciantes, permitiendo llegar a grupos de personas con perfiles determinados. Si deseas oponerte al uso de Website Custom Audiences de Facebook, tienes la posibilidad de hacerlo <a href=\"https:\/\/www.facebook.com\/ads\/website_custom_audiences\/\" target=\"_blank\">haciendo clic aqu\u00ed<\/a>. Para obtener m\u00e1s informaci\u00f3n visita <a href=\"https:\/\/www.facebook.com\/privacy\/explanation\" target=\"_blank\">\u00e9sta p\u00e1gina web<\/a>.<\/p>\n<p>        <?php } ?><\/p>\n<p class=\"legal-p\">El usuario puede configurar su navegador para rechazar las cookies, aunque esto puede afectar a la funcionalidad de la web.<\/p>\n<\/p><\/div>\n<\/div>\n<div class=\"legal-container\">\n<div class=\"legal-30\">\n<p class=\"legal-titulua\">Derechos de los usuarios<\/p>\n<\/div>\n<div class=\"legal-50\">\n<p class=\"legal-p\">Los usuarios pueden ejercer sus derechos de privacidad, incluyendo el acceso, rectificaci\u00f3n, supresi\u00f3n, limitaci\u00f3n del tratamiento, oposici\u00f3n y portabilidad, enviando un correo electr\u00f3nico a <?php echo $email; ?><\/p>\n<\/p><\/div>\n<\/div>\n<div class=\"legal-container\">\n<div class=\"legal-30\">\n<p class=\"legal-titulua\">Compartir informaci\u00f3n con terceros<\/p>\n<\/div>\n<div class=\"legal-50\">\n<p class=\"legal-p\">Muchas herramientas utilizadas en esta web para gestionar datos son contratadas por terceros. Para prestar servicios estrictamente necesarios para el desarrollo de la actividad, <?php echo $nombrecomercial; ?> comparte datos con los siguientes prestadores bajo sus correspondientes condiciones de privacidad:<\/p>\n<p class=\"legal-p\">Proveedores de servicios externos (por ejemplo, servicios de procesamiento de pago, procesamiento de pedidos, an\u00e1lisis, gesti\u00f3n campa\u00f1as de marketing, gesti\u00f3n de sitios web, y distribuci\u00f3n de correo electr\u00f3nico y otros proveedores de servicios similares) a fin de que estos puedan realizar funciones comerciales en nombre de <?php echo $nombrecomercial; ?>.<\/p>\n<p class=\"legal-p\">Pueden tener acceso a esta web de forma ocasional la empresa de desarrollo y mantenimiento web (Chroma Estudioa), o la de hosting. Las mismas tienen firmado un contrato de prestaci\u00f3n de servicios que les obliga a mantener el mismo nivel de privacidad que se aplica a los tratamientos realizados en esta web.<\/p>\n<p class=\"legal-p\">Cualquier transferencia internacional de datos derivada de la utilizaci\u00f3n de herramientas o proveedores de servicios, estar\u00e1 adherida al convenio Privacy Shield, que garantiza que las empresas de software americano cumplen las pol\u00edticas de protecci\u00f3n de datos europeas en materia de privacidad, secreto y seguridad de los datos.<\/p>\n<p>\t\t<?php if ($newsletter == 'bai' || $fakturazio == 'bai' || $analisi == 'bai' || $txatonline == 'bai' ){ ?><\/p>\n<p class=\"legal-p\">Concretamente esta web utiliza las siguientes herramientas:<\/p>\n<ul class=\"legal-ul\">\n\t\t\t<?php if ($newsletter == 'bai') { ?><\/p>\n<li class=\"legal-li\">Herramienta de email marketing: <?php if ($newsletter_mailchimp == 'bai') { ?>Mailchimp<?php }else{ echo $newsletter_mailchimp; } ?><\/li>\n<p><?php } ?><br \/>\n\t\t\t<?php if ($fakturazio == 'bai') { ?><\/p>\n<li class=\"legal-li\">Herramientas de facturaci\u00f3n: <?php echo $fakturazio_err; ?><\/li>\n<p><?php } ?><br \/>\n\t\t\t<?php if ($analisi == 'bai') { ?><\/p>\n<li class=\"legal-li\">Herramientas de an\u00e1lisis: <?php echo $analisi_err; ?><\/li>\n<p><?php } ?><br \/>\n\t\t\t<?php if ($txatonline == 'bai') { ?><\/p>\n<li class=\"legal-li\">Herramientas de chat online: <?php echo $txat_err; ?><\/li>\n<p><?php } ?>\n\t\t<\/ul>\n<p>\t\t<?php } ?><\/p><\/div>\n<\/div>\n<div class=\"legal-container\">\n<div class=\"legal-30\">\n<p class=\"legal-titulua\">Seguridad de los datos<\/p>\n<\/div>\n<div class=\"legal-50\">\n<p class=\"legal-p\">La web cuenta con un certificado SSL para cifrar la transmisi\u00f3n de datos, asegurando la integridad y seguridad de la informaci\u00f3n.<\/p>\n<\/p><\/div>\n<\/div>\n<div class=\"legal-container\">\n<div class=\"legal-30\">\n<p class=\"legal-titulua\">Retenci\u00f3n de datos<\/p>\n<\/div>\n<div class=\"legal-50\">\n<p class=\"legal-p\">Los datos personales se conservar\u00e1n durante dos a\u00f1os, a menos que el usuario solicite antes su supresi\u00f3n.<\/p>\n<p>\t\t<?php if ($newsletter == 'bai'){ ?><\/p>\n<p class=\"legal-p\">Si hay newsletter: En caso de los suscriptores, los datos se conservar\u00e1n desde que el usuario se subscribe hasta que se da de baja.<\/p>\n<p>        <?php } ?>\n\t<\/div>\n<\/div>\n<div class=\"legal-container\">\n<div class=\"legal-30\">\n<p class=\"legal-titulua\">Transferencias internacionales<\/p>\n<\/div>\n<div class=\"legal-50\">\n<p>\t\t<?php if ($newsletter_mailchimp == 'bai'){ ?><\/p>\n<ul class=\"legal-ul\">\n<li class=\"legal-li\">Uso de Mailchimp<\/li>\n<\/ul>\n<p class=\"legal-p\">Utilizamos Mailchimp como plataforma de Email marketing para enviar boletines informativos y comunicaciones relacionadas. Mailchimp es un servicio proporcionado por The Rocket Science Group, LLC, que tiene su sede en los Estados Unidos.<\/p>\n<p class=\"legal-p\">Al proporcionar su informaci\u00f3n para suscribirse a nuestro bolet\u00edn, usted comprende y acepta que los datos personales facilitados ser\u00e1n transferidos a Mailchimp para su procesamiento. Mailchimp est\u00e1 comprometido con la protecci\u00f3n de datos y cumple con el marco del Escudo de Privacidad entre la Uni\u00f3n Europea y los Estados Unidos.<\/p>\n<p class=\"legal-p\">Al proporcionar su informaci\u00f3n, usted da su consentimiento para la transferencia internacional de sus datos a Mailchimp y su procesamiento de acuerdo con sus t\u00e9rminos de servicio y pol\u00edtica de privacidad.<\/p>\n<p class=\"legal-p\">Puede obtener m\u00e1s informaci\u00f3n sobre las pr\u00e1cticas de privacidad de Mailchimp y sus derechos en relaci\u00f3n con sus datos personales consultando la Pol\u00edtica de Privacidad de Mailchimp.<\/p>\n<p>\t\t<?php }else{ ?><\/p>\n<p class=\"legal-p\">No realizamos transferencias de datos personales a pa\u00edses fuera del Espacio Econ\u00f3mico Europeo (EEE).<\/p>\n<p>\t\t<?php } ?><\/p><\/div>\n<\/div>\n<div class=\"legal-container\">\n<div class=\"legal-30\">\n<p class=\"legal-titulua\">Menores de edad<\/p>\n<\/div>\n<div class=\"legal-50\">\n<p class=\"legal-p\">La p\u00e1gina web no est\u00e1 dirigida a menores de edad y no solicitamos intencionalmente informaci\u00f3n de menores. Si un padre o tutor tiene conocimiento de que su hijo nos ha proporcionado informaci\u00f3n sin su consentimiento, le instamos a que se comunique con nosotros para que podamos eliminar dicha informaci\u00f3n.<\/p>\n<p>Para cualquier consulta o aclaraci\u00f3n sobre esta pol\u00edtica de privacidad, puede ponerse en contacto con nosotros a trav\u00e9s de <?php echo $email; ?>.<\/p>\n<\/p><\/div>\n<\/div>\n<div class=\"legal-container\">\n<div class=\"legal-30\">\n<p class=\"legal-titulua\">Exactitud y veracidad de los datos<\/p>\n<\/div>\n<div class=\"legal-50\">\n<p class=\"legal-p\">Como usuario, eres el \u00fanico responsable de la veracidad y correcci\u00f3n de los datos que remitas a <?php echo $url; ?>, exonerando a <?php echo $nombrecomercial; ?> de cualquier responsabilidad al respecto. Los usuarios garantizan y responden, en cualquier caso, de la exactitud, vigencia y autenticidad de los datos personales facilitados, y se comprometen a mantenerlos debidamente actualizados. El usuario acepta proporcionar informaci\u00f3n completa y correcta en el formulario de contacto o suscripci\u00f3n.<\/p>\n<\/p><\/div>\n<\/div>\n<div class=\"legal-container\">\n<div class=\"legal-30\">\n<p class=\"legal-titulua\">Revocabilidad<\/p>\n<\/div>\n<div class=\"legal-50\">\n<p class=\"legal-p\">El consentimiento prestado, tanto para el tratamiento como para la cesi\u00f3n de los datos de los interesados, es revocable en cualquier momento comunic\u00e1ndolo a <?php echo $nombrecomercial; ?> en los t\u00e9rminos establecidos en esta Pol\u00edtica para el ejercicio de los derechos ARCO. Esta revocaci\u00f3n en ning\u00fan caso tendr\u00e1 car\u00e1cter retroactivo.<\/p>\n<\/p><\/div>\n<\/div>\n<div class=\"legal-container\">\n<div class=\"legal-30\">\n<p class=\"legal-titulua\">Cambios en la pol\u00edtica de privacidad<\/p>\n<\/div>\n<div class=\"legal-50\">\n<p class=\"legal-p\"><?php echo $nombrecomercial; ?> se reserva el derecho a modificar la presente pol\u00edtica para adaptarla a novedades legislativas o jurisprudenciales, as\u00ed como a pr\u00e1cticas de la industria. En dichos supuestos, anunciar\u00e1 en esta p\u00e1gina los cambios introducidos con razonable antelaci\u00f3n a su puesta en pr\u00e1ctica.<\/p>\n<\/p><\/div>\n<\/div>\n<p><?php get_footer(); ?><\/p>\n","protected":false},"excerpt":{"rendered":"<p>Pol\u00edtica de privacidad Fecha de \u00faltima actualizaci\u00f3n: . Datos personales recopilados Datos Identificativos y de Contacto Recopilamos su nombre y apellidos, as\u00ed como la direcci\u00f3n de correo electr\u00f3nico que proporciona voluntariamente a trav\u00e9s de nuestro formulario de contacto. Datos de Navegaci\u00f3n Autom\u00e1ticamente recopilamos datos de navegaci\u00f3n, incluida la direcci\u00f3n IP, tipo e identificaci\u00f3n del dispositivo, [&hellip;]<\/p>\n","protected":false},"author":1,"featured_media":0,"parent":0,"menu_order":0,"comment_status":"closed","ping_status":"closed","template":"","meta":{"footnotes":""},"class_list":["post-312","page","type-page","status-publish","hentry"],"yoast_head":"<!-- This site is optimized with the Yoast SEO plugin v27.4 - https:\/\/yoast.com\/product\/yoast-seo-wordpress\/ -->\n<title>Pol\u00edtica de privacidad | MUGA Productora Audiovisual<\/title>\n<meta name=\"description\" content=\"MUGA es una productora audiovisual compuesta por Aitor Aranguren y Erik Suso. Siempre busca nuevas l\u00edneas narrativas y creativas que rompan las fronteras audiovisuales.\" \/>\n<meta name=\"robots\" content=\"index, follow, max-snippet:-1, max-image-preview:large, max-video-preview:-1\" \/>\n<link rel=\"canonical\" href=\"https:\/\/www.wearemuga.com\/es\/politica-de-privacidad\/\" \/>\n<meta property=\"og:locale\" content=\"es_ES\" \/>\n<meta property=\"og:type\" content=\"article\" \/>\n<meta property=\"og:title\" content=\"Pol\u00edtica de privacidad | MUGA Productora Audiovisual\" \/>\n<meta property=\"og:description\" content=\"MUGA es una productora audiovisual compuesta por Aitor Aranguren y Erik Suso. Siempre busca nuevas l\u00edneas narrativas y creativas que rompan las fronteras audiovisuales.\" \/>\n<meta property=\"og:url\" content=\"https:\/\/www.wearemuga.com\/es\/politica-de-privacidad\/\" \/>\n<meta property=\"og:site_name\" content=\"WE ARE MUGA\" \/>\n<meta property=\"article:modified_time\" content=\"2025-05-20T12:14:27+00:00\" \/>\n<meta property=\"og:image\" content=\"https:\/\/www.wearemuga.com\/wp-content\/uploads\/2025\/05\/logo-muga-2.jpg\" \/>\n\t<meta property=\"og:image:width\" content=\"2500\" \/>\n\t<meta property=\"og:image:height\" content=\"1406\" \/>\n\t<meta property=\"og:image:type\" content=\"image\/jpeg\" \/>\n<meta name=\"twitter:card\" content=\"summary_large_image\" \/>\n<meta name=\"twitter:label1\" content=\"Tiempo de lectura\" \/>\n\t<meta name=\"twitter:data1\" content=\"6 minutos\" \/>\n<script type=\"application\/ld+json\" class=\"yoast-schema-graph\">{\"@context\":\"https:\\\/\\\/schema.org\",\"@graph\":[{\"@type\":[\"WebPage\",\"AboutPage\"],\"@id\":\"https:\\\/\\\/www.wearemuga.com\\\/es\\\/politica-de-privacidad\\\/\",\"url\":\"https:\\\/\\\/www.wearemuga.com\\\/es\\\/politica-de-privacidad\\\/\",\"name\":\"Pol\u00edtica de privacidad | MUGA Productora Audiovisual\",\"isPartOf\":{\"@id\":\"https:\\\/\\\/www.wearemuga.com\\\/#website\"},\"datePublished\":\"2025-05-20T12:14:06+00:00\",\"dateModified\":\"2025-05-20T12:14:27+00:00\",\"description\":\"MUGA es una productora audiovisual compuesta por Aitor Aranguren y Erik Suso. Siempre busca nuevas l\u00edneas narrativas y creativas que rompan las fronteras audiovisuales.\",\"breadcrumb\":{\"@id\":\"https:\\\/\\\/www.wearemuga.com\\\/es\\\/politica-de-privacidad\\\/#breadcrumb\"},\"inLanguage\":\"es\",\"potentialAction\":[{\"@type\":\"ReadAction\",\"target\":[\"https:\\\/\\\/www.wearemuga.com\\\/es\\\/politica-de-privacidad\\\/\"]}]},{\"@type\":\"BreadcrumbList\",\"@id\":\"https:\\\/\\\/www.wearemuga.com\\\/es\\\/politica-de-privacidad\\\/#breadcrumb\",\"itemListElement\":[{\"@type\":\"ListItem\",\"position\":1,\"name\":\"Home\",\"item\":\"https:\\\/\\\/www.wearemuga.com\\\/\"},{\"@type\":\"ListItem\",\"position\":2,\"name\":\"Pol\u00edtica de privacidad\"}]},{\"@type\":\"WebSite\",\"@id\":\"https:\\\/\\\/www.wearemuga.com\\\/#website\",\"url\":\"https:\\\/\\\/www.wearemuga.com\\\/\",\"name\":\"MUGA\",\"description\":\"Productora Audiovisual Creativa\",\"publisher\":{\"@id\":\"https:\\\/\\\/www.wearemuga.com\\\/#organization\"},\"alternateName\":\"WE ARE MUGA\",\"potentialAction\":[{\"@type\":\"SearchAction\",\"target\":{\"@type\":\"EntryPoint\",\"urlTemplate\":\"https:\\\/\\\/www.wearemuga.com\\\/?s={search_term_string}\"},\"query-input\":{\"@type\":\"PropertyValueSpecification\",\"valueRequired\":true,\"valueName\":\"search_term_string\"}}],\"inLanguage\":\"es\"},{\"@type\":\"Organization\",\"@id\":\"https:\\\/\\\/www.wearemuga.com\\\/#organization\",\"name\":\"WE ARE MUGA\",\"alternateName\":\"MUGA\",\"url\":\"https:\\\/\\\/www.wearemuga.com\\\/\",\"logo\":{\"@type\":\"ImageObject\",\"inLanguage\":\"es\",\"@id\":\"https:\\\/\\\/www.wearemuga.com\\\/#\\\/schema\\\/logo\\\/image\\\/\",\"url\":\"https:\\\/\\\/www.wearemuga.com\\\/wp-content\\\/uploads\\\/2025\\\/05\\\/logo-muga-2.jpg\",\"contentUrl\":\"https:\\\/\\\/www.wearemuga.com\\\/wp-content\\\/uploads\\\/2025\\\/05\\\/logo-muga-2.jpg\",\"width\":2500,\"height\":1406,\"caption\":\"WE ARE MUGA\"},\"image\":{\"@id\":\"https:\\\/\\\/www.wearemuga.com\\\/#\\\/schema\\\/logo\\\/image\\\/\"}}]}<\/script>\n<!-- \/ Yoast SEO plugin. -->","yoast_head_json":{"title":"Pol\u00edtica de privacidad | MUGA Productora Audiovisual","description":"MUGA es una productora audiovisual compuesta por Aitor Aranguren y Erik Suso. Siempre busca nuevas l\u00edneas narrativas y creativas que rompan las fronteras audiovisuales.","robots":{"index":"index","follow":"follow","max-snippet":"max-snippet:-1","max-image-preview":"max-image-preview:large","max-video-preview":"max-video-preview:-1"},"canonical":"https:\/\/www.wearemuga.com\/es\/politica-de-privacidad\/","og_locale":"es_ES","og_type":"article","og_title":"Pol\u00edtica de privacidad | MUGA Productora Audiovisual","og_description":"MUGA es una productora audiovisual compuesta por Aitor Aranguren y Erik Suso. Siempre busca nuevas l\u00edneas narrativas y creativas que rompan las fronteras audiovisuales.","og_url":"https:\/\/www.wearemuga.com\/es\/politica-de-privacidad\/","og_site_name":"WE ARE MUGA","article_modified_time":"2025-05-20T12:14:27+00:00","og_image":[{"width":2500,"height":1406,"url":"https:\/\/www.wearemuga.com\/wp-content\/uploads\/2025\/05\/logo-muga-2.jpg","type":"image\/jpeg"}],"twitter_card":"summary_large_image","twitter_misc":{"Tiempo de lectura":"6 minutos"},"schema":{"@context":"https:\/\/schema.org","@graph":[{"@type":["WebPage","AboutPage"],"@id":"https:\/\/www.wearemuga.com\/es\/politica-de-privacidad\/","url":"https:\/\/www.wearemuga.com\/es\/politica-de-privacidad\/","name":"Pol\u00edtica de privacidad | MUGA Productora Audiovisual","isPartOf":{"@id":"https:\/\/www.wearemuga.com\/#website"},"datePublished":"2025-05-20T12:14:06+00:00","dateModified":"2025-05-20T12:14:27+00:00","description":"MUGA es una productora audiovisual compuesta por Aitor Aranguren y Erik Suso. Siempre busca nuevas l\u00edneas narrativas y creativas que rompan las fronteras audiovisuales.","breadcrumb":{"@id":"https:\/\/www.wearemuga.com\/es\/politica-de-privacidad\/#breadcrumb"},"inLanguage":"es","potentialAction":[{"@type":"ReadAction","target":["https:\/\/www.wearemuga.com\/es\/politica-de-privacidad\/"]}]},{"@type":"BreadcrumbList","@id":"https:\/\/www.wearemuga.com\/es\/politica-de-privacidad\/#breadcrumb","itemListElement":[{"@type":"ListItem","position":1,"name":"Home","item":"https:\/\/www.wearemuga.com\/"},{"@type":"ListItem","position":2,"name":"Pol\u00edtica de privacidad"}]},{"@type":"WebSite","@id":"https:\/\/www.wearemuga.com\/#website","url":"https:\/\/www.wearemuga.com\/","name":"MUGA","description":"Productora Audiovisual Creativa","publisher":{"@id":"https:\/\/www.wearemuga.com\/#organization"},"alternateName":"WE ARE MUGA","potentialAction":[{"@type":"SearchAction","target":{"@type":"EntryPoint","urlTemplate":"https:\/\/www.wearemuga.com\/?s={search_term_string}"},"query-input":{"@type":"PropertyValueSpecification","valueRequired":true,"valueName":"search_term_string"}}],"inLanguage":"es"},{"@type":"Organization","@id":"https:\/\/www.wearemuga.com\/#organization","name":"WE ARE MUGA","alternateName":"MUGA","url":"https:\/\/www.wearemuga.com\/","logo":{"@type":"ImageObject","inLanguage":"es","@id":"https:\/\/www.wearemuga.com\/#\/schema\/logo\/image\/","url":"https:\/\/www.wearemuga.com\/wp-content\/uploads\/2025\/05\/logo-muga-2.jpg","contentUrl":"https:\/\/www.wearemuga.com\/wp-content\/uploads\/2025\/05\/logo-muga-2.jpg","width":2500,"height":1406,"caption":"WE ARE MUGA"},"image":{"@id":"https:\/\/www.wearemuga.com\/#\/schema\/logo\/image\/"}}]}},"_links":{"self":[{"href":"https:\/\/www.wearemuga.com\/es\/wp-json\/wp\/v2\/pages\/312","targetHints":{"allow":["GET"]}}],"collection":[{"href":"https:\/\/www.wearemuga.com\/es\/wp-json\/wp\/v2\/pages"}],"about":[{"href":"https:\/\/www.wearemuga.com\/es\/wp-json\/wp\/v2\/types\/page"}],"author":[{"embeddable":true,"href":"https:\/\/www.wearemuga.com\/es\/wp-json\/wp\/v2\/users\/1"}],"replies":[{"embeddable":true,"href":"https:\/\/www.wearemuga.com\/es\/wp-json\/wp\/v2\/comments?post=312"}],"version-history":[{"count":1,"href":"https:\/\/www.wearemuga.com\/es\/wp-json\/wp\/v2\/pages\/312\/revisions"}],"predecessor-version":[{"id":325,"href":"https:\/\/www.wearemuga.com\/es\/wp-json\/wp\/v2\/pages\/312\/revisions\/325"}],"wp:attachment":[{"href":"https:\/\/www.wearemuga.com\/es\/wp-json\/wp\/v2\/media?parent=312"}],"curies":[{"name":"wp","href":"https:\/\/api.w.org\/{rel}","templated":true}]}}