{"id":316,"date":"2025-05-20T14:14:06","date_gmt":"2025-05-20T12:14:06","guid":{"rendered":"https:\/\/www.wearemuga.com\/?page_id=316"},"modified":"2025-05-20T14:14:27","modified_gmt":"2025-05-20T12:14:27","slug":"accesibilidad","status":"publish","type":"page","link":"https:\/\/www.wearemuga.com\/es\/accesibilidad\/","title":{"rendered":"Accesibilidad"},"content":{"rendered":"<p><?php get_header(); \n$site_url = site_url();\n$url = preg_replace(\"(^https?:\/\/www.)\", \"\", $site_url );\n\n$razonsocial = get_option('razonsocial');\n$nombrecomercial = get_option('nombrecomercial');\n$nif = get_option('nif');\n$email = get_option('email');\n$direccion = get_option('direccion');\n$actividadsocial = get_option('actividadsocial');\n$current_lang = 'es';\nif ( function_exists( 'icl_object_id' ) &#038;&#038; isset( $GLOBALS['sitepress'] ) ) {\n    $current_lang = $GLOBALS['sitepress']->get_current_language();<br \/>\n}<br \/>\n$descripcion = get_option( &#8216;descripcion_&#8217; . $current_lang );<br \/>\n$fechadehoy = get_option(&#8216;fechadehoy&#8217;);<br \/>\n?><\/p>\n<div class=\"legal-container-sarrera\">\n<div class=\"legal-50\">\n<h1 class=\"legal-h1\">Accesibilidad<\/h1>\n<\/p><\/div>\n<div class=\"legal-50\">\n<p class=\"legal-p\">Declaraci\u00f3n de Accesibilidad de <?php echo $url; ?>:<\/p>\n<p>En <?php echo $nombrecomercial; ?>, nos comprometemos a garantizar la accesibilidad de nuestro sitio web de conformidad con el Real Decreto 1112\/2018, de 7 de septiembre, sobre accesibilidad de los sitios web y aplicaciones para dispositivos m\u00f3viles del sector p\u00fablico. Esta declaraci\u00f3n de accesibilidad se aplica al sitio web <?php echo $url; ?>.<\/p>\n<\/div>\n<\/div>\n<div class=\"legal-container\">\n<div class=\"legal-30\">\n<p class=\"legal-titulua\">Cumplimiento normativo<\/p>\n<\/div>\n<div class=\"legal-50\">\n<p class=\"legal-p\">Este sitio web es parcialmente conforme con el Real Decreto 1112\/2018 debido a las excepciones y a la falta de conformidad de los aspectos que se indican a continuaci\u00f3n.<\/p>\n<p class=\"legal-p\"><b>Hemos adoptado medidas para asegurar que nuestra p\u00e1gina web cumpla con los est\u00e1ndares de accesibilidad vigentes. Estas medidas incluyen:<\/b><\/p>\n<ol class=\"legal-ol\">\n<li class=\"legal-li\">Cumplimiento de est\u00e1ndares: Nos esforzamos por cumplir con las pautas de accesibilidad establecidas en el Web Content Accessibility Guidelines (WCAG) 2.1, nivel AA. Estas pautas proporcionan recomendaciones y requisitos t\u00e9cnicos para mejorar la accesibilidad de los sitios web.<\/li>\n<li class=\"legal-li\">Dise\u00f1o y navegaci\u00f3n: Hemos dise\u00f1ado nuestro sitio web teniendo en cuenta principios de usabilidad y accesibilidad. Los elementos de navegaci\u00f3n son claros y consistentes, facilitando la orientaci\u00f3n y el acceso a los contenidos.<\/li>\n<li class=\"legal-li\">Contenido alternativo: Proporcionamos alternativas textuales para todos los elementos no textuales, como im\u00e1genes y v\u00eddeos, para que los usuarios con discapacidad visual o que utilicen tecnolog\u00edas de asistencia puedan acceder a la informaci\u00f3n de manera equivalente.<\/li>\n<li class=\"legal-li\">Compatibilidad con tecnolog\u00edas de asistencia: Hemos optimizado nuestro sitio web para ser compatible con tecnolog\u00edas de asistencia, como lectores de pantalla, teclados alternativos y software de reconocimiento de voz, para permitir a los usuarios con discapacidades acceder a nuestros contenidos.<\/li>\n<\/ol><\/div>\n<\/div>\n<div class=\"legal-container\">\n<div class=\"legal-30\">\n<p class=\"legal-titulua\">Contenido no accesible<\/p>\n<\/div>\n<div class=\"legal-50\">\n<ul class=\"legal-ul\">\n<li class=\"legal-li\">Algunos documentos en formato PDF pueden no ser totalmente accesibles para usuarios con discapacidades visuales. Estos documentos fueron publicados antes de la entrada en vigor del Real Decreto y se encuentran fuera de nuestro control actual. Estamos trabajando para proporcionar versiones accesibles de estos documentos lo antes posible.<\/li>\n<li class=\"legal-li\">Algunas im\u00e1genes pueden carecer de texto alternativo descriptivo o contener texto en im\u00e1genes sin una alternativa accesible.<\/li>\n<li class=\"legal-li\">Algunos enlaces no cumplen con las mejores pr\u00e1cticas de accesibilidad, como la descripci\u00f3n adecuada del destino del enlace.<\/li>\n<li class=\"legal-li\">Algunos elementos de formulario pueden carecer de etiquetas adecuadas o instrucciones claras, dificultando su comprensi\u00f3n y uso por parte de personas que utilizan tecnolog\u00edas de asistencia.<\/li>\n<\/ul><\/div>\n<\/div>\n<div class=\"legal-container\">\n<div class=\"legal-30\">\n<p class=\"legal-titulua\">Plan de acci\u00f3n<\/p>\n<\/div>\n<div class=\"legal-50\">\n<p class=\"legal-p\">Estamos comprometidos a mejorar la accesibilidad de <?php echo $url; ?> y a tomar las medidas necesarias para abordar las \u00e1reas no conformes. Estas son algunas de las acciones que estamos llevando a cabo:<\/p>\n<ul class=\"legal-ul\">\n<li class=\"legal-li\">Realizar una revisi\u00f3n completa del sitio web y corregir los problemas de accesibilidad identificados.<\/li>\n<li class=\"legal-li\">Proporcionar alternativas textuales para todas las im\u00e1genes y enlaces no descriptivos.<\/li>\n<li class=\"legal-li\">Proporcionar versiones accesibles de los documentos PDF existentes o reemplazarlos con contenido accesible siempre que sea posible.<\/li>\n<li class=\"legal-li\">Mejorar la navegaci\u00f3n y la estructura del sitio web para facilitar su uso por parte de todos los usuarios.<\/li>\n<li class=\"legal-li\">Proporcionar formularios con etiquetas adecuadas y claras instrucciones para una mejor comprensi\u00f3n y usabilidad.<\/li>\n<\/ul><\/div>\n<\/div>\n<div class=\"legal-container\">\n<div class=\"legal-30\">\n<p class=\"legal-titulua\">Enlaces externos<\/p>\n<\/div>\n<div class=\"legal-50\">\n<p class=\"legal-p\"><?php echo $nombrecomercial; ?> puede incluir enlaces a sitios web externos que est\u00e1n fuera de nuestro control y no cumplen necesariamente con los est\u00e1ndares de accesibilidad. No nos hacemos responsables de la accesibilidad de estos sitios web.\n<\/p>\n<\/p><\/div>\n<\/div>\n<div class=\"legal-container\">\n<div class=\"legal-30\">\n<p class=\"legal-titulua\">Comentarios y contacto<\/p>\n<\/div>\n<div class=\"legal-50\">\n<p class=\"legal-p\">Valoramos tus comentarios y sugerencias sobre la accesibilidad de <?php echo $url; ?>. Si encuentras alguna barrera de accesibilidad o tienes problemas al acceder a alg\u00fan contenido, por favor, ponte en contacto con nosotros a trav\u00e9s de los siguientes medios:<\/p>\n<ul class=\"legal-ul\">\n<li class=\"legal-li\">Nombre: <?php echo $razonsocial; ?><\/li>\n<li class=\"legal-li\">Correo electr\u00f3nico: <?php echo $email; ?><\/li>\n<li class=\"legal-li\">Fecha de publicaci\u00f3n de la declaraci\u00f3n de accesibilidad: <?php echo $fechadehoy; ?><\/li>\n<li class=\"legal-li\">\u00daltima revisi\u00f3n de la declaraci\u00f3n: <?php echo $fechadehoy; ?><\/li>\n<\/ul>\n<p class=\"legal-p\">Estamos comprometidos a proporcionar un sitio web accesible y continuaremos trabajando para mejorar la accesibilidad de <?php echo $url; ?> en l\u00ednea con las pautas y regulaciones de accesibilidad vigentes.<\/p>\n<\/p><\/div>\n<\/div>\n<p><?php get_footer(); ?><\/p>\n","protected":false},"excerpt":{"rendered":"<p>Accesibilidad Declaraci\u00f3n de Accesibilidad de : En , nos comprometemos a garantizar la accesibilidad de nuestro sitio web de conformidad con el Real Decreto 1112\/2018, de 7 de septiembre, sobre accesibilidad de los sitios web y aplicaciones para dispositivos m\u00f3viles del sector p\u00fablico. Esta declaraci\u00f3n de accesibilidad se aplica al sitio web . Cumplimiento normativo [&hellip;]<\/p>\n","protected":false},"author":1,"featured_media":0,"parent":0,"menu_order":0,"comment_status":"closed","ping_status":"closed","template":"","meta":{"footnotes":""},"class_list":["post-316","page","type-page","status-publish","hentry"],"yoast_head":"<!-- This site is optimized with the Yoast SEO plugin v27.4 - https:\/\/yoast.com\/product\/yoast-seo-wordpress\/ -->\n<title>Accesibilidad | MUGA Productora Audiovisual<\/title>\n<meta name=\"description\" content=\"MUGA es una productora audiovisual compuesta por Aitor Aranguren y Erik Suso. Siempre busca nuevas l\u00edneas narrativas y creativas que rompan las fronteras audiovisuales.\" \/>\n<meta name=\"robots\" content=\"index, follow, max-snippet:-1, max-image-preview:large, max-video-preview:-1\" \/>\n<link rel=\"canonical\" href=\"https:\/\/www.wearemuga.com\/es\/accesibilidad\/\" \/>\n<meta property=\"og:locale\" content=\"es_ES\" \/>\n<meta property=\"og:type\" content=\"article\" \/>\n<meta property=\"og:title\" content=\"Accesibilidad | MUGA Productora Audiovisual\" \/>\n<meta property=\"og:description\" content=\"MUGA es una productora audiovisual compuesta por Aitor Aranguren y Erik Suso. Siempre busca nuevas l\u00edneas narrativas y creativas que rompan las fronteras audiovisuales.\" \/>\n<meta property=\"og:url\" content=\"https:\/\/www.wearemuga.com\/es\/accesibilidad\/\" \/>\n<meta property=\"og:site_name\" content=\"WE ARE MUGA\" \/>\n<meta property=\"article:modified_time\" content=\"2025-05-20T12:14:27+00:00\" \/>\n<meta property=\"og:image\" content=\"https:\/\/www.wearemuga.com\/wp-content\/uploads\/2025\/05\/logo-muga-2.jpg\" \/>\n\t<meta property=\"og:image:width\" content=\"2500\" \/>\n\t<meta property=\"og:image:height\" content=\"1406\" \/>\n\t<meta property=\"og:image:type\" content=\"image\/jpeg\" \/>\n<meta name=\"twitter:card\" content=\"summary_large_image\" \/>\n<meta name=\"twitter:label1\" content=\"Tiempo de lectura\" \/>\n\t<meta name=\"twitter:data1\" content=\"3 minutos\" \/>\n<script type=\"application\/ld+json\" class=\"yoast-schema-graph\">{\"@context\":\"https:\\\/\\\/schema.org\",\"@graph\":[{\"@type\":[\"WebPage\",\"AboutPage\"],\"@id\":\"https:\\\/\\\/www.wearemuga.com\\\/es\\\/accesibilidad\\\/\",\"url\":\"https:\\\/\\\/www.wearemuga.com\\\/es\\\/accesibilidad\\\/\",\"name\":\"Accesibilidad | MUGA Productora Audiovisual\",\"isPartOf\":{\"@id\":\"https:\\\/\\\/www.wearemuga.com\\\/#website\"},\"datePublished\":\"2025-05-20T12:14:06+00:00\",\"dateModified\":\"2025-05-20T12:14:27+00:00\",\"description\":\"MUGA es una productora audiovisual compuesta por Aitor Aranguren y Erik Suso. Siempre busca nuevas l\u00edneas narrativas y creativas que rompan las fronteras audiovisuales.\",\"breadcrumb\":{\"@id\":\"https:\\\/\\\/www.wearemuga.com\\\/es\\\/accesibilidad\\\/#breadcrumb\"},\"inLanguage\":\"es\",\"potentialAction\":[{\"@type\":\"ReadAction\",\"target\":[\"https:\\\/\\\/www.wearemuga.com\\\/es\\\/accesibilidad\\\/\"]}]},{\"@type\":\"BreadcrumbList\",\"@id\":\"https:\\\/\\\/www.wearemuga.com\\\/es\\\/accesibilidad\\\/#breadcrumb\",\"itemListElement\":[{\"@type\":\"ListItem\",\"position\":1,\"name\":\"Home\",\"item\":\"https:\\\/\\\/www.wearemuga.com\\\/\"},{\"@type\":\"ListItem\",\"position\":2,\"name\":\"Accesibilidad\"}]},{\"@type\":\"WebSite\",\"@id\":\"https:\\\/\\\/www.wearemuga.com\\\/#website\",\"url\":\"https:\\\/\\\/www.wearemuga.com\\\/\",\"name\":\"MUGA\",\"description\":\"Productora Audiovisual Creativa\",\"publisher\":{\"@id\":\"https:\\\/\\\/www.wearemuga.com\\\/#organization\"},\"alternateName\":\"WE ARE MUGA\",\"potentialAction\":[{\"@type\":\"SearchAction\",\"target\":{\"@type\":\"EntryPoint\",\"urlTemplate\":\"https:\\\/\\\/www.wearemuga.com\\\/?s={search_term_string}\"},\"query-input\":{\"@type\":\"PropertyValueSpecification\",\"valueRequired\":true,\"valueName\":\"search_term_string\"}}],\"inLanguage\":\"es\"},{\"@type\":\"Organization\",\"@id\":\"https:\\\/\\\/www.wearemuga.com\\\/#organization\",\"name\":\"WE ARE MUGA\",\"alternateName\":\"MUGA\",\"url\":\"https:\\\/\\\/www.wearemuga.com\\\/\",\"logo\":{\"@type\":\"ImageObject\",\"inLanguage\":\"es\",\"@id\":\"https:\\\/\\\/www.wearemuga.com\\\/#\\\/schema\\\/logo\\\/image\\\/\",\"url\":\"https:\\\/\\\/www.wearemuga.com\\\/wp-content\\\/uploads\\\/2025\\\/05\\\/logo-muga-2.jpg\",\"contentUrl\":\"https:\\\/\\\/www.wearemuga.com\\\/wp-content\\\/uploads\\\/2025\\\/05\\\/logo-muga-2.jpg\",\"width\":2500,\"height\":1406,\"caption\":\"WE ARE MUGA\"},\"image\":{\"@id\":\"https:\\\/\\\/www.wearemuga.com\\\/#\\\/schema\\\/logo\\\/image\\\/\"}}]}<\/script>\n<!-- \/ Yoast SEO plugin. -->","yoast_head_json":{"title":"Accesibilidad | MUGA Productora Audiovisual","description":"MUGA es una productora audiovisual compuesta por Aitor Aranguren y Erik Suso. Siempre busca nuevas l\u00edneas narrativas y creativas que rompan las fronteras audiovisuales.","robots":{"index":"index","follow":"follow","max-snippet":"max-snippet:-1","max-image-preview":"max-image-preview:large","max-video-preview":"max-video-preview:-1"},"canonical":"https:\/\/www.wearemuga.com\/es\/accesibilidad\/","og_locale":"es_ES","og_type":"article","og_title":"Accesibilidad | MUGA Productora Audiovisual","og_description":"MUGA es una productora audiovisual compuesta por Aitor Aranguren y Erik Suso. Siempre busca nuevas l\u00edneas narrativas y creativas que rompan las fronteras audiovisuales.","og_url":"https:\/\/www.wearemuga.com\/es\/accesibilidad\/","og_site_name":"WE ARE MUGA","article_modified_time":"2025-05-20T12:14:27+00:00","og_image":[{"width":2500,"height":1406,"url":"https:\/\/www.wearemuga.com\/wp-content\/uploads\/2025\/05\/logo-muga-2.jpg","type":"image\/jpeg"}],"twitter_card":"summary_large_image","twitter_misc":{"Tiempo de lectura":"3 minutos"},"schema":{"@context":"https:\/\/schema.org","@graph":[{"@type":["WebPage","AboutPage"],"@id":"https:\/\/www.wearemuga.com\/es\/accesibilidad\/","url":"https:\/\/www.wearemuga.com\/es\/accesibilidad\/","name":"Accesibilidad | MUGA Productora Audiovisual","isPartOf":{"@id":"https:\/\/www.wearemuga.com\/#website"},"datePublished":"2025-05-20T12:14:06+00:00","dateModified":"2025-05-20T12:14:27+00:00","description":"MUGA es una productora audiovisual compuesta por Aitor Aranguren y Erik Suso. Siempre busca nuevas l\u00edneas narrativas y creativas que rompan las fronteras audiovisuales.","breadcrumb":{"@id":"https:\/\/www.wearemuga.com\/es\/accesibilidad\/#breadcrumb"},"inLanguage":"es","potentialAction":[{"@type":"ReadAction","target":["https:\/\/www.wearemuga.com\/es\/accesibilidad\/"]}]},{"@type":"BreadcrumbList","@id":"https:\/\/www.wearemuga.com\/es\/accesibilidad\/#breadcrumb","itemListElement":[{"@type":"ListItem","position":1,"name":"Home","item":"https:\/\/www.wearemuga.com\/"},{"@type":"ListItem","position":2,"name":"Accesibilidad"}]},{"@type":"WebSite","@id":"https:\/\/www.wearemuga.com\/#website","url":"https:\/\/www.wearemuga.com\/","name":"MUGA","description":"Productora Audiovisual Creativa","publisher":{"@id":"https:\/\/www.wearemuga.com\/#organization"},"alternateName":"WE ARE MUGA","potentialAction":[{"@type":"SearchAction","target":{"@type":"EntryPoint","urlTemplate":"https:\/\/www.wearemuga.com\/?s={search_term_string}"},"query-input":{"@type":"PropertyValueSpecification","valueRequired":true,"valueName":"search_term_string"}}],"inLanguage":"es"},{"@type":"Organization","@id":"https:\/\/www.wearemuga.com\/#organization","name":"WE ARE MUGA","alternateName":"MUGA","url":"https:\/\/www.wearemuga.com\/","logo":{"@type":"ImageObject","inLanguage":"es","@id":"https:\/\/www.wearemuga.com\/#\/schema\/logo\/image\/","url":"https:\/\/www.wearemuga.com\/wp-content\/uploads\/2025\/05\/logo-muga-2.jpg","contentUrl":"https:\/\/www.wearemuga.com\/wp-content\/uploads\/2025\/05\/logo-muga-2.jpg","width":2500,"height":1406,"caption":"WE ARE MUGA"},"image":{"@id":"https:\/\/www.wearemuga.com\/#\/schema\/logo\/image\/"}}]}},"_links":{"self":[{"href":"https:\/\/www.wearemuga.com\/es\/wp-json\/wp\/v2\/pages\/316","targetHints":{"allow":["GET"]}}],"collection":[{"href":"https:\/\/www.wearemuga.com\/es\/wp-json\/wp\/v2\/pages"}],"about":[{"href":"https:\/\/www.wearemuga.com\/es\/wp-json\/wp\/v2\/types\/page"}],"author":[{"embeddable":true,"href":"https:\/\/www.wearemuga.com\/es\/wp-json\/wp\/v2\/users\/1"}],"replies":[{"embeddable":true,"href":"https:\/\/www.wearemuga.com\/es\/wp-json\/wp\/v2\/comments?post=316"}],"version-history":[{"count":1,"href":"https:\/\/www.wearemuga.com\/es\/wp-json\/wp\/v2\/pages\/316\/revisions"}],"predecessor-version":[{"id":321,"href":"https:\/\/www.wearemuga.com\/es\/wp-json\/wp\/v2\/pages\/316\/revisions\/321"}],"wp:attachment":[{"href":"https:\/\/www.wearemuga.com\/es\/wp-json\/wp\/v2\/media?parent=316"}],"curies":[{"name":"wp","href":"https:\/\/api.w.org\/{rel}","templated":true}]}}